{"id":132,"date":"2024-08-30T09:57:26","date_gmt":"2024-08-30T09:57:26","guid":{"rendered":"https:\/\/amaiapsicoterapia.com\/?page_id=132"},"modified":"2024-08-30T09:59:10","modified_gmt":"2024-08-30T09:59:10","slug":"politica-de-privacidad","status":"publish","type":"page","link":"https:\/\/amaiapsicoterapia.com\/?page_id=132","title":{"rendered":"Pol\u00edtica de Privacidad"},"content":{"rendered":"\t\t<div data-elementor-type=\"wp-page\" data-elementor-id=\"132\" class=\"elementor elementor-132\" data-elementor-post-type=\"page\">\n\t\t\t\t<div class=\"elementor-element elementor-element-cd892db e-flex e-con-boxed e-con e-parent\" data-id=\"cd892db\" data-element_type=\"container\">\n\t\t\t\t\t<div class=\"e-con-inner\">\n\t\t\t\t<div class=\"elementor-element elementor-element-c682fe6 elementor-widget elementor-widget-heading\" data-id=\"c682fe6\" data-element_type=\"widget\" data-widget_type=\"heading.default\">\n\t\t\t\t<div class=\"elementor-widget-container\">\n\t\t\t<h2 class=\"elementor-heading-title elementor-size-default\">Pol\u00edtica de Privacidad<\/h2>\t\t<\/div>\n\t\t\t\t<\/div>\n\t\t\t\t\t<\/div>\n\t\t\t\t<\/div>\n\t\t<div class=\"elementor-element elementor-element-4c8b8d6 e-flex e-con-boxed e-con e-parent\" data-id=\"4c8b8d6\" data-element_type=\"container\">\n\t\t\t\t\t<div class=\"e-con-inner\">\n\t\t\t\t<div class=\"elementor-element elementor-element-7127487 elementor-widget elementor-widget-text-editor\" data-id=\"7127487\" data-element_type=\"widget\" data-widget_type=\"text-editor.default\">\n\t\t\t\t<div class=\"elementor-widget-container\">\n\t\t\t\t\t\t\t<div class=\"elementor-element elementor-element-b4a482a e-con-full e-flex e-con e-child\" data-id=\"b4a482a\" data-element_type=\"container\"><div class=\"elementor-element elementor-element-b9c7b46 elementor-widget elementor-widget-text-editor\" data-id=\"b9c7b46\" data-element_type=\"widget\" data-widget_type=\"text-editor.default\"><div class=\"elementor-widget-container\"><div class=\"elementor-element elementor-element-b4a482a e-con-full e-flex e-con e-child\" data-id=\"b4a482a\" data-element_type=\"container\"><div class=\"elementor-element elementor-element-b9c7b46 elementor-widget elementor-widget-text-editor\" data-id=\"b9c7b46\" data-element_type=\"widget\" data-widget_type=\"text-editor.default\"><div class=\"elementor-widget-container\"><p><span style=\"color: #000000;\"><strong>Qui\u00e9nes somos<\/strong><\/span><\/p><p><span style=\"color: #000000;\">La direcci\u00f3n de nuestra web es: <a href=\"https:\/\/amaiapsicoterapia.com\/\">https:\/\/amaiapsicoterapia.com\/<\/a><\/span><\/p><p><span style=\"color: #000000;\">Qu\u00e9 datos personales recogemos y por qu\u00e9 los recogemos<\/span><\/p><p><span style=\"color: #000000;\"><strong>Comentarios<\/strong><\/span><\/p><p><span style=\"color: #000000;\">Cuando los visitantes dejan comentarios en la web, recopilamos los datos que se muestran en el formulario de comentarios, as\u00ed como la direcci\u00f3n IP del visitante y la cadena de agentes de usuario del navegador para ayudar a la detecci\u00f3n de spam.<\/span><\/p><p><span style=\"color: #000000;\">Una cadena an\u00f3nima creada a partir de tu direcci\u00f3n de correo electr\u00f3nico (tambi\u00e9n llamada hash) puede ser proporcionada al servicio de Gravatar para ver si la est\u00e1s usando. La pol\u00edtica de privacidad del servicio Gravatar est\u00e1 disponible aqu\u00ed: https:\/\/automattic.com\/privacy\/. Despu\u00e9s de la aprobaci\u00f3n de tu comentario, la imagen de tu perfil es visible para el p\u00fablico en el contexto de su comentario.<\/span><\/p><p><span style=\"color: #000000;\"><strong>Medios<\/strong><\/span><\/p><p><span style=\"color: #000000;\">Si subes im\u00e1genes a la web deber\u00edas evitar subir im\u00e1genes con datos de ubicaci\u00f3n (GPS EXIF) incluidos. Los visitantes de la web pueden descargar y extraer cualquier dato de localizaci\u00f3n de las im\u00e1genes de la web.<\/span><\/p><p><span style=\"color: #000000;\"><strong>Formularios de contacto<\/strong><\/span><\/p><p><span style=\"color: #000000;\">Cookies<\/span><\/p><p><span style=\"color: #000000;\">Si dejas un comentario en nuestro sitio puedes elegir guardar tu nombre, direcci\u00f3n de correo electr\u00f3nico y web en cookies. Esto es para tu comodidad, para que no tengas que volver a rellenar tus datos cuando dejes otro comentario. Estas cookies tendr\u00e1n una duraci\u00f3n de un a\u00f1o.<\/span><\/p><p><span style=\"color: #000000;\">Si tienes una cuenta y te conectas a este sitio, instalaremos una cookie temporal para determinar si tu navegador acepta cookies. Esta cookie no contiene datos personales y se elimina al cerrar el navegador.<\/span><\/p><p><span style=\"color: #000000;\">Cuando inicias sesi\u00f3n, tambi\u00e9n instalaremos varias cookies para guardar tu informaci\u00f3n de inicio de sesi\u00f3n y tus opciones de visualizaci\u00f3n de pantalla. Las cookies de inicio de sesi\u00f3n duran dos d\u00edas, y las cookies de opciones de pantalla duran un a\u00f1o. Si seleccionas \u00abRecordarme\u00bb, tu inicio de sesi\u00f3n perdurar\u00e1 durante dos semanas. Si sales de tu cuenta, las cookies de inicio de sesi\u00f3n se eliminar\u00e1n.<\/span><\/p><p><span style=\"color: #000000;\">Si editas o publicas un art\u00edculo se guardar\u00e1 una cookie adicional en tu navegador. Esta cookie no incluye datos personales y simplemente indica el ID del art\u00edculo que acabas de editar. Caduca despu\u00e9s de 1 d\u00eda.<\/span><\/p><p><span style=\"color: #000000;\">Contenido incrustado de otros sitios web<\/span><\/p><p><span style=\"color: #000000;\">Los art\u00edculos de este sitio pueden incluir contenido incrustado (por ejemplo, v\u00eddeos, im\u00e1genes, art\u00edculos, etc.). El contenido incrustado de otras web se comporta exactamente de la misma manera que si el visitante hubiera visitado la otra web.<\/span><\/p><p><span style=\"color: #000000;\">Estas web pueden recopilar datos sobre ti, utilizar cookies, incrustar un seguimiento adicional de terceros, y supervisar tu interacci\u00f3n con ese contenido incrustado, incluido el seguimiento de tu interacci\u00f3n con el contenido incrustado si tienes una cuenta y est\u00e1s conectado a esa web.<\/span><\/p><p><span style=\"color: #000000;\"><strong>Anal\u00edtica<\/strong><\/span><\/p><p><span style=\"color: #000000;\">Con qui\u00e9n compartimos tus datos<\/span><\/p><p><span style=\"color: #000000;\">Cu\u00e1nto tiempo conservamos tus datos<\/span><\/p><p><span style=\"color: #000000;\">Si dejas un comentario, el comentario y sus metadatos se conservan indefinidamente. Esto es para que podamos reconocer y aprobar comentarios sucesivos autom\u00e1ticamente en lugar de mantenerlos en una cola de moderaci\u00f3n.<\/span><\/p><p><span style=\"color: #000000;\">De los usuarios que se registran en nuestra web (si los hay), tambi\u00e9n almacenamos la informaci\u00f3n personal que proporcionan en su perfil de usuario. Todos los usuarios pueden ver, editar o eliminar su informaci\u00f3n personal en cualquier momento (excepto que no pueden cambiar su nombre de usuario). Los administradores de la web tambi\u00e9n pueden ver y editar esa informaci\u00f3n.<\/span><\/p><p><span style=\"color: #000000;\"><strong>Qu\u00e9 derechos tienes sobre tus datos<\/strong><\/span><\/p><p><span style=\"color: #000000;\">Si tienes una cuenta o has dejado comentarios en esta web, puedes solicitar recibir un archivo de exportaci\u00f3n de los datos personales que tenemos sobre ti, incluyendo cualquier dato que nos hayas proporcionado. Tambi\u00e9n puedes solicitar que eliminemos cualquier dato personal que tengamos sobre ti. Esto no incluye ning\u00fan dato que estemos obligados a conservar con fines administrativos, legales o de seguridad.<\/span><\/p><p><span style=\"color: #000000;\"><strong>D\u00f3nde enviamos tus datos<\/strong><\/span><\/p><p><span style=\"color: #000000;\">Los comentarios de los visitantes puede que los revise un servicio de detecci\u00f3n autom\u00e1tica de spam.<\/span><\/p><p><span style=\"color: #000000;\">Tu informaci\u00f3n de contacto<\/span><\/p><p><span style=\"color: #000000;\">Informaci\u00f3n adicional<\/span><\/p><p><span style=\"color: #000000;\">C\u00f3mo protegemos tus datos<\/span><\/p><p><span style=\"color: #000000;\">Qu\u00e9 procedimientos utilizamos contra las brechas de datos<\/span><\/p><p><span style=\"color: #000000;\">De qu\u00e9 terceros recibimos datos<\/span><\/p><p><span style=\"color: #000000;\">Qu\u00e9 tipo de toma de decisiones automatizada y\/o perfilado hacemos con los datos del usuario<\/span><\/p><p><span style=\"color: #000000;\">Requerimientos regulatorios de revelaci\u00f3n de informaci\u00f3n del sector<\/span><\/p><p><span style=\"color: #000000;\">Utilizamos la herramienta de consentimiento \u00abReal Cookie Banner\u00bb para gestionar las cookies y otras tecnolog\u00edas similares utilizadas (p\u00edxeles de seguimiento, balizas web, etc.), y los consentimientos relacionados a las mismas. Encontrar\u00e1 informaci\u00f3n detallada sobre el funcionamiento de \u00abReal Cookie Banner\u00bb en &lt;a href=\u00bbhttps:\/\/devowl.io\/rcb\/data-processing\/\u00bb rel=\u00bbnoreferrer\u00bb target=\u00bb_blank\u00bb&gt;https:\/\/devowl.io\/rcb\/data-processing\/&lt;\/a&gt;.<\/span><\/p><p><span style=\"color: #000000;\">La base legal para el tratamiento de datos personales en este contexto son el Art\u00edculo 6 (1) sub. c del RGPD y el Art\u00edculo 6 (1) sub. f RGPD. Nuestro inter\u00e9s leg\u00edtimo es la gesti\u00f3n de las cookies y tecnolog\u00edas similares utilizadas y los consentimientos relacionados.<\/span><\/p><p><span style=\"color: #000000;\">El suministro de datos personales no es obligatorio por contrato ni necesario para la celebraci\u00f3n de un contrato. Usted no est\u00e1 obligado a facilitar sus datos personales. Pero si no lo hace, no podremos gestionar sus consentimientos.<\/span><\/p><\/div><\/div><\/div><\/div><\/div><\/div>\t\t\t\t\t\t<\/div>\n\t\t\t\t<\/div>\n\t\t\t\t\t<\/div>\n\t\t\t\t<\/div>\n\t\t\t\t<\/div>\n\t\t","protected":false},"excerpt":{"rendered":"<p>Pol\u00edtica de Privacidad Qui\u00e9nes somos La direcci\u00f3n de nuestra web es: https:\/\/amaiapsicoterapia.com\/ Qu\u00e9 datos personales recogemos y por qu\u00e9 los recogemos Comentarios Cuando los visitantes dejan comentarios en la web, recopilamos los datos que se muestran en el formulario de comentarios, as\u00ed como la direcci\u00f3n IP del visitante y la cadena de agentes de usuario [&hellip;]<\/p>\n","protected":false},"author":1,"featured_media":0,"parent":0,"menu_order":0,"comment_status":"closed","ping_status":"closed","template":"elementor_header_footer","meta":{"ocean_post_layout":"","ocean_both_sidebars_style":"","ocean_both_sidebars_content_width":0,"ocean_both_sidebars_sidebars_width":0,"ocean_sidebar":"","ocean_second_sidebar":"","ocean_disable_margins":"enable","ocean_add_body_class":"","ocean_shortcode_before_top_bar":"","ocean_shortcode_after_top_bar":"","ocean_shortcode_before_header":"","ocean_shortcode_after_header":"","ocean_has_shortcode":"","ocean_shortcode_after_title":"","ocean_shortcode_before_footer_widgets":"","ocean_shortcode_after_footer_widgets":"","ocean_shortcode_before_footer_bottom":"","ocean_shortcode_after_footer_bottom":"","ocean_display_top_bar":"default","ocean_display_header":"default","ocean_header_style":"","ocean_center_header_left_menu":"","ocean_custom_header_template":"","ocean_custom_logo":0,"ocean_custom_retina_logo":0,"ocean_custom_logo_max_width":0,"ocean_custom_logo_tablet_max_width":0,"ocean_custom_logo_mobile_max_width":0,"ocean_custom_logo_max_height":0,"ocean_custom_logo_tablet_max_height":0,"ocean_custom_logo_mobile_max_height":0,"ocean_header_custom_menu":"","ocean_menu_typo_font_family":"","ocean_menu_typo_font_subset":"","ocean_menu_typo_font_size":0,"ocean_menu_typo_font_size_tablet":0,"ocean_menu_typo_font_size_mobile":0,"ocean_menu_typo_font_size_unit":"px","ocean_menu_typo_font_weight":"","ocean_menu_typo_font_weight_tablet":"","ocean_menu_typo_font_weight_mobile":"","ocean_menu_typo_transform":"","ocean_menu_typo_transform_tablet":"","ocean_menu_typo_transform_mobile":"","ocean_menu_typo_line_height":0,"ocean_menu_typo_line_height_tablet":0,"ocean_menu_typo_line_height_mobile":0,"ocean_menu_typo_line_height_unit":"","ocean_menu_typo_spacing":0,"ocean_menu_typo_spacing_tablet":0,"ocean_menu_typo_spacing_mobile":0,"ocean_menu_typo_spacing_unit":"","ocean_menu_link_color":"","ocean_menu_link_color_hover":"","ocean_menu_link_color_active":"","ocean_menu_link_background":"","ocean_menu_link_hover_background":"","ocean_menu_link_active_background":"","ocean_menu_social_links_bg":"","ocean_menu_social_hover_links_bg":"","ocean_menu_social_links_color":"","ocean_menu_social_hover_links_color":"","ocean_disable_title":"on","ocean_disable_heading":"default","ocean_post_title":"","ocean_post_subheading":"","ocean_post_title_style":"","ocean_post_title_background_color":"","ocean_post_title_background":0,"ocean_post_title_bg_image_position":"","ocean_post_title_bg_image_attachment":"","ocean_post_title_bg_image_repeat":"","ocean_post_title_bg_image_size":"","ocean_post_title_height":0,"ocean_post_title_bg_overlay":0.5,"ocean_post_title_bg_overlay_color":"","ocean_disable_breadcrumbs":"default","ocean_breadcrumbs_color":"","ocean_breadcrumbs_separator_color":"","ocean_breadcrumbs_links_color":"","ocean_breadcrumbs_links_hover_color":"","ocean_display_footer_widgets":"default","ocean_display_footer_bottom":"default","ocean_custom_footer_template":"","footnotes":""},"class_list":["post-132","page","type-page","status-publish","hentry","entry"],"yoast_head":"<!-- This site is optimized with the Yoast SEO plugin v23.3 - https:\/\/yoast.com\/wordpress\/plugins\/seo\/ -->\n<title>Pol\u00edtica de Privacidad - Amaia psicoterapia<\/title>\n<meta name=\"robots\" content=\"index, follow, max-snippet:-1, max-image-preview:large, max-video-preview:-1\" \/>\n<link rel=\"canonical\" href=\"https:\/\/amaiapsicoterapia.com\/?page_id=132\" \/>\n<meta property=\"og:locale\" content=\"es_ES\" \/>\n<meta property=\"og:type\" content=\"article\" \/>\n<meta property=\"og:title\" content=\"Pol\u00edtica de Privacidad - Amaia psicoterapia\" \/>\n<meta property=\"og:description\" content=\"Pol\u00edtica de Privacidad Qui\u00e9nes somos La direcci\u00f3n de nuestra web es: https:\/\/amaiapsicoterapia.com\/ Qu\u00e9 datos personales recogemos y por qu\u00e9 los recogemos Comentarios Cuando los visitantes dejan comentarios en la web, recopilamos los datos que se muestran en el formulario de comentarios, as\u00ed como la direcci\u00f3n IP del visitante y la cadena de agentes de usuario [&hellip;]\" \/>\n<meta property=\"og:url\" content=\"https:\/\/amaiapsicoterapia.com\/?page_id=132\" \/>\n<meta property=\"og:site_name\" content=\"Amaia psicoterapia\" \/>\n<meta property=\"article:modified_time\" content=\"2024-08-30T09:59:10+00:00\" \/>\n<meta name=\"twitter:card\" content=\"summary_large_image\" \/>\n<meta name=\"twitter:label1\" content=\"Tiempo de lectura\" \/>\n\t<meta name=\"twitter:data1\" content=\"11 minutos\" \/>\n<script type=\"application\/ld+json\" class=\"yoast-schema-graph\">{\"@context\":\"https:\/\/schema.org\",\"@graph\":[{\"@type\":\"WebPage\",\"@id\":\"https:\/\/amaiapsicoterapia.com\/?page_id=132\",\"url\":\"https:\/\/amaiapsicoterapia.com\/?page_id=132\",\"name\":\"Pol\u00edtica de Privacidad - Amaia psicoterapia\",\"isPartOf\":{\"@id\":\"https:\/\/amaiapsicoterapia.com\/#website\"},\"datePublished\":\"2024-08-30T09:57:26+00:00\",\"dateModified\":\"2024-08-30T09:59:10+00:00\",\"breadcrumb\":{\"@id\":\"https:\/\/amaiapsicoterapia.com\/?page_id=132#breadcrumb\"},\"inLanguage\":\"es\",\"potentialAction\":[{\"@type\":\"ReadAction\",\"target\":[\"https:\/\/amaiapsicoterapia.com\/?page_id=132\"]}]},{\"@type\":\"BreadcrumbList\",\"@id\":\"https:\/\/amaiapsicoterapia.com\/?page_id=132#breadcrumb\",\"itemListElement\":[{\"@type\":\"ListItem\",\"position\":1,\"name\":\"Portada\",\"item\":\"https:\/\/amaiapsicoterapia.com\/\"},{\"@type\":\"ListItem\",\"position\":2,\"name\":\"Pol\u00edtica de Privacidad\"}]},{\"@type\":\"WebSite\",\"@id\":\"https:\/\/amaiapsicoterapia.com\/#website\",\"url\":\"https:\/\/amaiapsicoterapia.com\/\",\"name\":\"amaiapsicoterapia\",\"description\":\"psicoterapia en Bilbao\",\"potentialAction\":[{\"@type\":\"SearchAction\",\"target\":{\"@type\":\"EntryPoint\",\"urlTemplate\":\"https:\/\/amaiapsicoterapia.com\/?s={search_term_string}\"},\"query-input\":\"required name=search_term_string\"}],\"inLanguage\":\"es\"}]}<\/script>\n<!-- \/ Yoast SEO plugin. -->","yoast_head_json":{"title":"Pol\u00edtica de Privacidad - Amaia psicoterapia","robots":{"index":"index","follow":"follow","max-snippet":"max-snippet:-1","max-image-preview":"max-image-preview:large","max-video-preview":"max-video-preview:-1"},"canonical":"https:\/\/amaiapsicoterapia.com\/?page_id=132","og_locale":"es_ES","og_type":"article","og_title":"Pol\u00edtica de Privacidad - Amaia psicoterapia","og_description":"Pol\u00edtica de Privacidad Qui\u00e9nes somos La direcci\u00f3n de nuestra web es: https:\/\/amaiapsicoterapia.com\/ Qu\u00e9 datos personales recogemos y por qu\u00e9 los recogemos Comentarios Cuando los visitantes dejan comentarios en la web, recopilamos los datos que se muestran en el formulario de comentarios, as\u00ed como la direcci\u00f3n IP del visitante y la cadena de agentes de usuario [&hellip;]","og_url":"https:\/\/amaiapsicoterapia.com\/?page_id=132","og_site_name":"Amaia psicoterapia","article_modified_time":"2024-08-30T09:59:10+00:00","twitter_card":"summary_large_image","twitter_misc":{"Tiempo de lectura":"11 minutos"},"schema":{"@context":"https:\/\/schema.org","@graph":[{"@type":"WebPage","@id":"https:\/\/amaiapsicoterapia.com\/?page_id=132","url":"https:\/\/amaiapsicoterapia.com\/?page_id=132","name":"Pol\u00edtica de Privacidad - Amaia psicoterapia","isPartOf":{"@id":"https:\/\/amaiapsicoterapia.com\/#website"},"datePublished":"2024-08-30T09:57:26+00:00","dateModified":"2024-08-30T09:59:10+00:00","breadcrumb":{"@id":"https:\/\/amaiapsicoterapia.com\/?page_id=132#breadcrumb"},"inLanguage":"es","potentialAction":[{"@type":"ReadAction","target":["https:\/\/amaiapsicoterapia.com\/?page_id=132"]}]},{"@type":"BreadcrumbList","@id":"https:\/\/amaiapsicoterapia.com\/?page_id=132#breadcrumb","itemListElement":[{"@type":"ListItem","position":1,"name":"Portada","item":"https:\/\/amaiapsicoterapia.com\/"},{"@type":"ListItem","position":2,"name":"Pol\u00edtica de Privacidad"}]},{"@type":"WebSite","@id":"https:\/\/amaiapsicoterapia.com\/#website","url":"https:\/\/amaiapsicoterapia.com\/","name":"amaiapsicoterapia","description":"psicoterapia en Bilbao","potentialAction":[{"@type":"SearchAction","target":{"@type":"EntryPoint","urlTemplate":"https:\/\/amaiapsicoterapia.com\/?s={search_term_string}"},"query-input":"required name=search_term_string"}],"inLanguage":"es"}]}},"_links":{"self":[{"href":"https:\/\/amaiapsicoterapia.com\/index.php?rest_route=\/wp\/v2\/pages\/132","targetHints":{"allow":["GET"]}}],"collection":[{"href":"https:\/\/amaiapsicoterapia.com\/index.php?rest_route=\/wp\/v2\/pages"}],"about":[{"href":"https:\/\/amaiapsicoterapia.com\/index.php?rest_route=\/wp\/v2\/types\/page"}],"author":[{"embeddable":true,"href":"https:\/\/amaiapsicoterapia.com\/index.php?rest_route=\/wp\/v2\/users\/1"}],"replies":[{"embeddable":true,"href":"https:\/\/amaiapsicoterapia.com\/index.php?rest_route=%2Fwp%2Fv2%2Fcomments&post=132"}],"version-history":[{"count":4,"href":"https:\/\/amaiapsicoterapia.com\/index.php?rest_route=\/wp\/v2\/pages\/132\/revisions"}],"predecessor-version":[{"id":136,"href":"https:\/\/amaiapsicoterapia.com\/index.php?rest_route=\/wp\/v2\/pages\/132\/revisions\/136"}],"wp:attachment":[{"href":"https:\/\/amaiapsicoterapia.com\/index.php?rest_route=%2Fwp%2Fv2%2Fmedia&parent=132"}],"curies":[{"name":"wp","href":"https:\/\/api.w.org\/{rel}","templated":true}]}}