{"id":127,"date":"2024-08-30T09:51:04","date_gmt":"2024-08-30T09:51:04","guid":{"rendered":"https:\/\/amaiapsicoterapia.com\/?page_id=127"},"modified":"2024-08-30T09:56:38","modified_gmt":"2024-08-30T09:56:38","slug":"politica-de-cookies","status":"publish","type":"page","link":"https:\/\/amaiapsicoterapia.com\/?page_id=127","title":{"rendered":"Pol\u00edtica de Cookies"},"content":{"rendered":"\t\t<div data-elementor-type=\"wp-page\" data-elementor-id=\"127\" class=\"elementor elementor-127\" data-elementor-post-type=\"page\">\n\t\t\t\t<div class=\"elementor-element elementor-element-cd892db e-flex e-con-boxed e-con e-parent\" data-id=\"cd892db\" data-element_type=\"container\">\n\t\t\t\t\t<div class=\"e-con-inner\">\n\t\t\t\t<div class=\"elementor-element elementor-element-c682fe6 elementor-widget elementor-widget-heading\" data-id=\"c682fe6\" data-element_type=\"widget\" data-widget_type=\"heading.default\">\n\t\t\t\t<div class=\"elementor-widget-container\">\n\t\t\t<h2 class=\"elementor-heading-title elementor-size-default\">Pol\u00edtica de Cookies<\/h2>\t\t<\/div>\n\t\t\t\t<\/div>\n\t\t\t\t\t<\/div>\n\t\t\t\t<\/div>\n\t\t<div class=\"elementor-element elementor-element-4c8b8d6 e-flex e-con-boxed e-con e-parent\" data-id=\"4c8b8d6\" data-element_type=\"container\">\n\t\t\t\t\t<div class=\"e-con-inner\">\n\t\t\t\t<div class=\"elementor-element elementor-element-7127487 elementor-widget elementor-widget-text-editor\" data-id=\"7127487\" data-element_type=\"widget\" data-widget_type=\"text-editor.default\">\n\t\t\t\t<div class=\"elementor-widget-container\">\n\t\t\t\t\t\t\t<div class=\"elementor-element elementor-element-b4a482a e-con-full e-flex e-con e-child\" data-id=\"b4a482a\" data-element_type=\"container\"><div class=\"elementor-element elementor-element-b9c7b46 elementor-widget elementor-widget-text-editor\" data-id=\"b9c7b46\" data-element_type=\"widget\" data-widget_type=\"text-editor.default\"><div class=\"elementor-widget-container\"><div class=\"elementor-element elementor-element-b4a482a e-con-full e-flex e-con e-child\" data-id=\"b4a482a\" data-element_type=\"container\"><div class=\"elementor-element elementor-element-b9c7b46 elementor-widget elementor-widget-text-editor\" data-id=\"b9c7b46\" data-element_type=\"widget\" data-widget_type=\"text-editor.default\"><div class=\"elementor-widget-container\"><p class=\"wp-block-heading\"><span style=\"color: #000000;\"><strong>Utilizaci\u00f3n de Cookies y Web Bugs por las Webs de amaiapsicoterapia.com:<\/strong><\/span><\/p><p><span style=\"color: #000000;\">Las Webs de amaiapsicoterapia.com utilizan \u00a8Cookies\u00a8, y otros mecanismos similares (en adelante, Cookies). Las Cookies son ficheros enviados a un navegador por medio de un servidor web para registrar las actividades del Usuario en una web determinada o en todas las webs, apps y\/o servicios de las Webs deamaiapsicoterapia.com (en adelante, los Servicios). La primera finalidad de las Cookies es la de facilitar al Usuario un acceso m\u00e1s r\u00e1pido a los Servicios seleccionados. Adem\u00e1s, las Cookies personalizan los Servicios que ofrece las Webs de amaiapsicoterapia.com, facilitando y ofreciendo a cada Usuario informaci\u00f3n que es de su inter\u00e9s o que puede ser de su inter\u00e9s, en atenci\u00f3n al uso que realiza de los Servicios.<\/span><\/p><p><span style=\"color: #000000;\">Las Webs de amaiapsicoterapia.com Cookies para personalizar y facilitar al m\u00e1ximo la navegaci\u00f3n del Usuario. Las Cookies se asocian \u00fanicamente a un Usuario an\u00f3nimo y su ordenador y no proporcionan referencias que permitan deducir datos personales del Usuario. El Usuario podr\u00e1 configurar su navegador para que notifique y rechace la instalaci\u00f3n de las Cookies enviadas por las Webs de amaiapsicoterapia.com, sin que ello perjudique la posibilidad del Usuario de acceder a los Contenidos. Sin embargo, le hacemos notar que, en todo caso, la calidad de funcionamiento de la p\u00e1gina Web puede disminuir.<\/span><\/p><p><span style=\"color: #000000;\">Los Usuarios registrados que se registren o que hayan iniciado sesi\u00f3n, podr\u00e1n beneficiarse de unos servicios m\u00e1s personalizados y orientados a su perfil, gracias a la combinaci\u00f3n de los datos almacenados en las cookies con los datos personales utilizados en el momento de su registro. Dichos Usuarios autorizan expresamente el uso de esta informaci\u00f3n con la finalidad indicada, sin perjuicio de su derecho a rechazar o deshabilitar el uso de cookies.<\/span><\/p><p><span style=\"color: #000000;\">Asimismo, las Webs de amaiapsicoterapia.com podr\u00e1n saber todos los Servicios de amaiapsicoterapia.com solicitados por los Usuarios, de forma que podr\u00e1n facilitar u ofrecer informaci\u00f3n adecuada a los gustos y preferencias de cada Usuario. La lista de empresas que gestionan los Servicios de amaiapsicoterapia.com, puede consultarse a trav\u00e9s del siguiente enlace:<a style=\"color: #000000;\" href=\"https:\/\/amaiapsicoterapia.com\/\">amaiapsicoterapia.com<\/a><\/span><\/p><p><span style=\"color: #000000;\">Las Webs de mope Consultor\u00eda y Formaci\u00f3n tambi\u00e9n utiliza Web Bugs, que son im\u00e1genes diminutas y transparentes insertas en los emails. Cuando el Usuario abre el email, esta imagen se descarga junto con el resto del contenido del email y permite conocer si un email concreto ha sido abierto o no, as\u00ed como la direcci\u00f3n IP desde la que se ha descargado. Las Webs de amaiapsicoterapia.com utilizan esta informaci\u00f3n para obtener estad\u00edsticas y poner realizar estudios anal\u00edticos sobre la recepci\u00f3n de sus emails por parte de los Usuarios.<\/span><\/p><p class=\"wp-block-heading\"><span style=\"color: #000000;\"><strong>Tipolog\u00eda, finalidad y funcionamiento de las Cookies:<\/strong><\/span><\/p><p><span style=\"color: #000000;\">Las Cookies, en funci\u00f3n de su permanencia, pueden dividirse en Cookies de sesi\u00f3n o permanentes. Las primeras expiran cuando el Usuario cierra el navegador. Las segundas expiran en funci\u00f3n cuando se cumpla el objetivo para el que sirven (por ejemplo, para que el Usuario se mantenga identificado en los Servicios deamaiapsicoterapia.com) o bien cuando se borran manualmente.<\/span><\/p><p><span style=\"color: #000000;\">Adicionalmente, en funci\u00f3n de su objetivo, las Cookies puedes clasificarse de la siguiente forma:<\/span><\/p><p><span style=\"color: #000000;\">COOKIES DE RENDIMIENTO: Este tipo de Cookie recuerda sus preferencias para las herramientas que se encuentran en los Servicios, por lo que no tiene que volver a configurar el servicio cada vez que usted visita. A modo de ejemplo, en esta tipolog\u00eda se incluyen:<\/span><\/p><ul><li><span style=\"color: #000000;\">Ajustes de volumen de reproductores de v\u00eddeo o sonido.<\/span><\/li><li><span style=\"color: #000000;\">Las velocidades de transmisi\u00f3n de v\u00eddeo que sean compatibles con su navegador.<\/span><\/li><li><span style=\"color: #000000;\">Los objetos guardados en el \u201ccarrito de la compra\u201d en los Servicios de E-commerce tales como tiendas.<\/span><\/li><\/ul><p><span style=\"color: #000000;\">COOKIES DE GEO-LOCALIZACI\u00d3N: Estas Cookies son utilizadas para averiguar en qu\u00e9 pa\u00eds se encuentra cuando se solicita un Servicio. Esta Cookie es totalmente an\u00f3nima, y s\u00f3lo se utiliza para ayudar a orientar el contenido a su ubicaci\u00f3n.<\/span><\/p><p><span style=\"color: #000000;\">COOKIES DE REGISTRO: Las Cookies de registro se generan una vez que el Usuario se ha registrado o posteriormente ha abierto su sesi\u00f3n, y se utilizan para identificarle en los Servicios con los siguientes objetivos:<\/span><\/p><ul><li><span style=\"color: #000000;\">Mantener al Usuario identificado de forma que, si cierra un Servicio, el navegador o el ordenador y en otro momento u otro d\u00eda vuelve a entrar en dicho Servicio, seguir\u00e1 identificado, facilitando as\u00ed su navegaci\u00f3n sin tener que volver a identificarse. Esta funcionalidad se puede suprimir si el Usuario pulsa la funcionalidad \u201ccerrar sesi\u00f3n\u201d, de forma que esta Cookie se elimina y la pr\u00f3xima vez que entre en el Servicio el Usuario tendr\u00e1 que iniciar sesi\u00f3n para estar identificado.<\/span><\/li><li><span style=\"color: #000000;\">Comprobar si el Usuario est\u00e1 autorizado para acceder a ciertos Servicios, por ejemplo, para participar en un concurso.<\/span><\/li><\/ul><p><span style=\"color: #000000;\">Adicionalmente, algunos Servicios pueden utilizar conectores con redes sociales tales como Facebook o Twitter. Cuando el Usuario se registra en un Servicio con credenciales de una red social, autoriza a la red social a guardar una Cookie persistente que recuerda su identidad y le garantiza acceso a los Servicios hasta que expira. El Usuario puede borrar esta Cookie y revocar el acceso a los Servicios mediante redes sociales actualizando sus preferencias en la red social que espec\u00edfica.<\/span><\/p><p><span style=\"color: #000000;\">COOKIES DE ANAL\u00cdTICAS: Cada vez que un Usuario visita un Servicio como Facebook y\/o Twitters, una herramienta de dicho enlace externo genera una Cookie anal\u00edtica en el ordenador del Usuario. Esta Cookie que s\u00f3lo se genera en la visita, servir\u00e1 en pr\u00f3ximas visitas a los Servicios de amaiapsicoterapia.com para identificar de forma an\u00f3nima al visitante. Los objetivos principales que se persiguen son:<\/span><\/p><ul><li><span style=\"color: #000000;\">Permitir la identificaci\u00f3n an\u00f3nima de los Usuarios navegantes a trav\u00e9s de la \u201cCookie\u201d (identifica navegadores y dispositivos, no personas) y por lo tanto la contabilizaci\u00f3n aproximada del n\u00famero de visitantes y su tendencia en el tiempo.<\/span><\/li><li><span style=\"color: #000000;\">Identificar de forma an\u00f3nima los contenidos m\u00e1s visitados y por lo tanto m\u00e1s atractivos para los Usuarios<\/span><\/li><li><span style=\"color: #000000;\">Saber si el Usuario que est\u00e1 accediendo es nuevo o repite visita.<\/span><\/li><\/ul><p><span style=\"color: #000000;\">Importante: Salvo que el Usuario decida registrarse en un Servicio de amaiapsicoterapia.com, la \u201cCookie\u201d nunca ir\u00e1 asociada a ning\u00fan dato de car\u00e1cter personal que pueda identificarle. Dichas Cookies s\u00f3lo ser\u00e1n utilizadas con prop\u00f3sitos estad\u00edsticos que ayuden a la optimizaci\u00f3n de la experiencia de los Usuarios en el sitio.<\/span><\/p><p class=\"wp-block-heading\"><span style=\"color: #000000;\"><strong>C\u00f3mo deshabilitar las Cookies y los Web Bugs en los principales navegadores:<\/strong><\/span><\/p><p><span style=\"color: #000000;\">Normalmente es posible dejar de aceptar las Cookies del navegador, o dejar de aceptar las Cookies de un Servicio en particular.<\/span><\/p><p><span style=\"color: #000000;\">Todos los navegadores modernos permiten cambiar la configuraci\u00f3n de Cookies. Estos ajustes normalmente se encuentra en las \u2018opciones\u2019 o \u2018Preferencias\u2019 del men\u00fa de su navegador. Asimismo, puede configurar su navegador o su gestor de correo electr\u00f3nico, as\u00ed como instalar complementos gratuitos para evitar que se descarguen los Web Bugs al abrir un email.<\/span><\/p><p><span style=\"color: #000000;\">Las Webs de amaiapsicoterapia.com ofrecen orientaci\u00f3n al Usuario sobre los pasos para acceder al men\u00fa de configuraci\u00f3n de las cookies y, en su caso, de la navegaci\u00f3n privada en cada uno de los navegadores principales:<\/span><\/p><ul><li><span style=\"color: #000000;\"><strong>Internet Explorer<\/strong>: Herramientas -&gt; Opciones de Internet -&gt; Privacidad -&gt; Configuraci\u00f3n.<\/span><\/li><\/ul><p><span style=\"color: #000000;\">Para m\u00e1s informaci\u00f3n, puede consultar el\u00a0<a style=\"color: #000000;\" href=\"http:\/\/windows.microsoft.com\/es-ES\/windows\/support\">soporte de Microsoft<\/a>\u00a0o la Ayuda del navegador.<\/span><\/p><ul><li><span style=\"color: #000000;\"><strong>Firefox<\/strong>: Herramientas -&gt; Opciones -&gt; Privacidad -&gt; Historial -&gt; Configuraci\u00f3n Personalizada.<\/span><\/li><\/ul><p><span style=\"color: #000000;\">Para m\u00e1s informaci\u00f3n, puede consultar el\u00a0<a style=\"color: #000000;\" href=\"http:\/\/support.mozilla.org\/es\/home\">soporte de Mozilla<\/a>\u00a0o la Ayuda del navegador.<\/span><\/p><ul><li><span style=\"color: #000000;\"><strong>Chrome<\/strong>: Configuraci\u00f3n -&gt; Mostrar opciones avanzadas -&gt; Privacidad -&gt; Configuraci\u00f3n de contenido.<\/span><\/li><\/ul><p><span style=\"color: #000000;\">Para m\u00e1s informaci\u00f3n, puede consultar el\u00a0<a style=\"color: #000000;\" href=\"http:\/\/support.google.com\/chrome\/?hl=es\">soporte de Google<\/a>\u00a0o la Ayuda del navegador.<\/span><\/p><ul><li><span style=\"color: #000000;\"><strong>Safari<\/strong>: Preferencias -&gt; Seguridad.<\/span><\/li><\/ul><p><span style=\"color: #000000;\">Para m\u00e1s informaci\u00f3n, puede consultar el\u00a0<a style=\"color: #000000;\" href=\"http:\/\/www.apple.com\/es\/support\/safari\/\">soporte de Apple<\/a>\u00a0o la Ayuda del navegador.<\/span><\/p><p class=\"wp-block-heading\"><span style=\"color: #000000;\"><strong>Qu\u00e9 ocurre si se deshabilitan las Cookies:<\/strong><\/span><\/p><p><span style=\"color: #000000;\">Algunas funcionalidades de los Servicios quedar\u00e1n deshabilitados como, por ejemplo, permanecer identificado, mantener las compras en el \u201ccarrito de la compra\u201d en un Servicio de e-commerce, recibir informaci\u00f3n dirigida a su localizaci\u00f3n o la visualizaci\u00f3n de algunos v\u00eddeos.<\/span><\/p><p><span style=\"color: #000000;\"><strong>ACTUALIZACIONES Y CAMBIOS EN LA POL\u00cdTICA DE PRIVACIDAD \/ COOKIES:<\/strong><\/span><\/p><p><span style=\"color: #000000;\">Las Webs de amaiapsicoterapia.com pueden modificar esta Pol\u00edtica de Cookies en funci\u00f3n de exigencias legislativas, reglamentarias, o con la finalidad de adaptar dicha pol\u00edtica a las instrucciones dictadas por la Agencia Espa\u00f1ola de Protecci\u00f3n de Datos, por ello se aconseja a los Usuarios que la visiten peri\u00f3dicamente.<\/span><\/p><p><span style=\"color: #000000;\">Cuando se produzcan cambios significativos en esta Pol\u00edtica de Cookies, se comunicar\u00e1n a los Usuarios bien mediante la web o a trav\u00e9s de correo electr\u00f3nico a los Usuarios registrados.<\/span><\/p><\/div><\/div><\/div><\/div><\/div><\/div>\t\t\t\t\t\t<\/div>\n\t\t\t\t<\/div>\n\t\t\t\t\t<\/div>\n\t\t\t\t<\/div>\n\t\t\t\t<\/div>\n\t\t","protected":false},"excerpt":{"rendered":"<p>Pol\u00edtica de Cookies Utilizaci\u00f3n de Cookies y Web Bugs por las Webs de amaiapsicoterapia.com: Las Webs de amaiapsicoterapia.com utilizan \u00a8Cookies\u00a8, y otros mecanismos similares (en adelante, Cookies). Las Cookies son ficheros enviados a un navegador por medio de un servidor web para registrar las actividades del Usuario en una web determinada o en todas las [&hellip;]<\/p>\n","protected":false},"author":1,"featured_media":0,"parent":0,"menu_order":0,"comment_status":"closed","ping_status":"closed","template":"elementor_header_footer","meta":{"ocean_post_layout":"","ocean_both_sidebars_style":"","ocean_both_sidebars_content_width":0,"ocean_both_sidebars_sidebars_width":0,"ocean_sidebar":"","ocean_second_sidebar":"","ocean_disable_margins":"enable","ocean_add_body_class":"","ocean_shortcode_before_top_bar":"","ocean_shortcode_after_top_bar":"","ocean_shortcode_before_header":"","ocean_shortcode_after_header":"","ocean_has_shortcode":"","ocean_shortcode_after_title":"","ocean_shortcode_before_footer_widgets":"","ocean_shortcode_after_footer_widgets":"","ocean_shortcode_before_footer_bottom":"","ocean_shortcode_after_footer_bottom":"","ocean_display_top_bar":"default","ocean_display_header":"default","ocean_header_style":"","ocean_center_header_left_menu":"","ocean_custom_header_template":"","ocean_custom_logo":0,"ocean_custom_retina_logo":0,"ocean_custom_logo_max_width":0,"ocean_custom_logo_tablet_max_width":0,"ocean_custom_logo_mobile_max_width":0,"ocean_custom_logo_max_height":0,"ocean_custom_logo_tablet_max_height":0,"ocean_custom_logo_mobile_max_height":0,"ocean_header_custom_menu":"","ocean_menu_typo_font_family":"","ocean_menu_typo_font_subset":"","ocean_menu_typo_font_size":0,"ocean_menu_typo_font_size_tablet":0,"ocean_menu_typo_font_size_mobile":0,"ocean_menu_typo_font_size_unit":"px","ocean_menu_typo_font_weight":"","ocean_menu_typo_font_weight_tablet":"","ocean_menu_typo_font_weight_mobile":"","ocean_menu_typo_transform":"","ocean_menu_typo_transform_tablet":"","ocean_menu_typo_transform_mobile":"","ocean_menu_typo_line_height":0,"ocean_menu_typo_line_height_tablet":0,"ocean_menu_typo_line_height_mobile":0,"ocean_menu_typo_line_height_unit":"","ocean_menu_typo_spacing":0,"ocean_menu_typo_spacing_tablet":0,"ocean_menu_typo_spacing_mobile":0,"ocean_menu_typo_spacing_unit":"","ocean_menu_link_color":"","ocean_menu_link_color_hover":"","ocean_menu_link_color_active":"","ocean_menu_link_background":"","ocean_menu_link_hover_background":"","ocean_menu_link_active_background":"","ocean_menu_social_links_bg":"","ocean_menu_social_hover_links_bg":"","ocean_menu_social_links_color":"","ocean_menu_social_hover_links_color":"","ocean_disable_title":"on","ocean_disable_heading":"default","ocean_post_title":"","ocean_post_subheading":"","ocean_post_title_style":"","ocean_post_title_background_color":"","ocean_post_title_background":0,"ocean_post_title_bg_image_position":"","ocean_post_title_bg_image_attachment":"","ocean_post_title_bg_image_repeat":"","ocean_post_title_bg_image_size":"","ocean_post_title_height":0,"ocean_post_title_bg_overlay":0.5,"ocean_post_title_bg_overlay_color":"","ocean_disable_breadcrumbs":"default","ocean_breadcrumbs_color":"","ocean_breadcrumbs_separator_color":"","ocean_breadcrumbs_links_color":"","ocean_breadcrumbs_links_hover_color":"","ocean_display_footer_widgets":"default","ocean_display_footer_bottom":"default","ocean_custom_footer_template":"","footnotes":""},"class_list":["post-127","page","type-page","status-publish","hentry","entry"],"yoast_head":"<!-- This site is optimized with the Yoast SEO plugin v23.3 - https:\/\/yoast.com\/wordpress\/plugins\/seo\/ -->\n<title>Pol\u00edtica de Cookies - Amaia psicoterapia<\/title>\n<meta name=\"robots\" content=\"index, follow, max-snippet:-1, max-image-preview:large, max-video-preview:-1\" \/>\n<link rel=\"canonical\" href=\"https:\/\/amaiapsicoterapia.com\/?page_id=127\" \/>\n<meta property=\"og:locale\" content=\"es_ES\" \/>\n<meta property=\"og:type\" content=\"article\" \/>\n<meta property=\"og:title\" content=\"Pol\u00edtica de Cookies - Amaia psicoterapia\" \/>\n<meta property=\"og:description\" content=\"Pol\u00edtica de Cookies Utilizaci\u00f3n de Cookies y Web Bugs por las Webs de amaiapsicoterapia.com: Las Webs de amaiapsicoterapia.com utilizan \u00a8Cookies\u00a8, y otros mecanismos similares (en adelante, Cookies). Las Cookies son ficheros enviados a un navegador por medio de un servidor web para registrar las actividades del Usuario en una web determinada o en todas las [&hellip;]\" \/>\n<meta property=\"og:url\" content=\"https:\/\/amaiapsicoterapia.com\/?page_id=127\" \/>\n<meta property=\"og:site_name\" content=\"Amaia psicoterapia\" \/>\n<meta property=\"article:modified_time\" content=\"2024-08-30T09:56:38+00:00\" \/>\n<meta name=\"twitter:card\" content=\"summary_large_image\" \/>\n<meta name=\"twitter:label1\" content=\"Tiempo de lectura\" \/>\n\t<meta name=\"twitter:data1\" content=\"19 minutos\" \/>\n<script type=\"application\/ld+json\" class=\"yoast-schema-graph\">{\"@context\":\"https:\/\/schema.org\",\"@graph\":[{\"@type\":\"WebPage\",\"@id\":\"https:\/\/amaiapsicoterapia.com\/?page_id=127\",\"url\":\"https:\/\/amaiapsicoterapia.com\/?page_id=127\",\"name\":\"Pol\u00edtica de Cookies - Amaia psicoterapia\",\"isPartOf\":{\"@id\":\"https:\/\/amaiapsicoterapia.com\/#website\"},\"datePublished\":\"2024-08-30T09:51:04+00:00\",\"dateModified\":\"2024-08-30T09:56:38+00:00\",\"breadcrumb\":{\"@id\":\"https:\/\/amaiapsicoterapia.com\/?page_id=127#breadcrumb\"},\"inLanguage\":\"es\",\"potentialAction\":[{\"@type\":\"ReadAction\",\"target\":[\"https:\/\/amaiapsicoterapia.com\/?page_id=127\"]}]},{\"@type\":\"BreadcrumbList\",\"@id\":\"https:\/\/amaiapsicoterapia.com\/?page_id=127#breadcrumb\",\"itemListElement\":[{\"@type\":\"ListItem\",\"position\":1,\"name\":\"Portada\",\"item\":\"https:\/\/amaiapsicoterapia.com\/\"},{\"@type\":\"ListItem\",\"position\":2,\"name\":\"Pol\u00edtica de Cookies\"}]},{\"@type\":\"WebSite\",\"@id\":\"https:\/\/amaiapsicoterapia.com\/#website\",\"url\":\"https:\/\/amaiapsicoterapia.com\/\",\"name\":\"amaiapsicoterapia\",\"description\":\"psicoterapia en Bilbao\",\"potentialAction\":[{\"@type\":\"SearchAction\",\"target\":{\"@type\":\"EntryPoint\",\"urlTemplate\":\"https:\/\/amaiapsicoterapia.com\/?s={search_term_string}\"},\"query-input\":\"required name=search_term_string\"}],\"inLanguage\":\"es\"}]}<\/script>\n<!-- \/ Yoast SEO plugin. -->","yoast_head_json":{"title":"Pol\u00edtica de Cookies - Amaia psicoterapia","robots":{"index":"index","follow":"follow","max-snippet":"max-snippet:-1","max-image-preview":"max-image-preview:large","max-video-preview":"max-video-preview:-1"},"canonical":"https:\/\/amaiapsicoterapia.com\/?page_id=127","og_locale":"es_ES","og_type":"article","og_title":"Pol\u00edtica de Cookies - Amaia psicoterapia","og_description":"Pol\u00edtica de Cookies Utilizaci\u00f3n de Cookies y Web Bugs por las Webs de amaiapsicoterapia.com: Las Webs de amaiapsicoterapia.com utilizan \u00a8Cookies\u00a8, y otros mecanismos similares (en adelante, Cookies). Las Cookies son ficheros enviados a un navegador por medio de un servidor web para registrar las actividades del Usuario en una web determinada o en todas las [&hellip;]","og_url":"https:\/\/amaiapsicoterapia.com\/?page_id=127","og_site_name":"Amaia psicoterapia","article_modified_time":"2024-08-30T09:56:38+00:00","twitter_card":"summary_large_image","twitter_misc":{"Tiempo de lectura":"19 minutos"},"schema":{"@context":"https:\/\/schema.org","@graph":[{"@type":"WebPage","@id":"https:\/\/amaiapsicoterapia.com\/?page_id=127","url":"https:\/\/amaiapsicoterapia.com\/?page_id=127","name":"Pol\u00edtica de Cookies - Amaia psicoterapia","isPartOf":{"@id":"https:\/\/amaiapsicoterapia.com\/#website"},"datePublished":"2024-08-30T09:51:04+00:00","dateModified":"2024-08-30T09:56:38+00:00","breadcrumb":{"@id":"https:\/\/amaiapsicoterapia.com\/?page_id=127#breadcrumb"},"inLanguage":"es","potentialAction":[{"@type":"ReadAction","target":["https:\/\/amaiapsicoterapia.com\/?page_id=127"]}]},{"@type":"BreadcrumbList","@id":"https:\/\/amaiapsicoterapia.com\/?page_id=127#breadcrumb","itemListElement":[{"@type":"ListItem","position":1,"name":"Portada","item":"https:\/\/amaiapsicoterapia.com\/"},{"@type":"ListItem","position":2,"name":"Pol\u00edtica de Cookies"}]},{"@type":"WebSite","@id":"https:\/\/amaiapsicoterapia.com\/#website","url":"https:\/\/amaiapsicoterapia.com\/","name":"amaiapsicoterapia","description":"psicoterapia en Bilbao","potentialAction":[{"@type":"SearchAction","target":{"@type":"EntryPoint","urlTemplate":"https:\/\/amaiapsicoterapia.com\/?s={search_term_string}"},"query-input":"required name=search_term_string"}],"inLanguage":"es"}]}},"_links":{"self":[{"href":"https:\/\/amaiapsicoterapia.com\/index.php?rest_route=\/wp\/v2\/pages\/127","targetHints":{"allow":["GET"]}}],"collection":[{"href":"https:\/\/amaiapsicoterapia.com\/index.php?rest_route=\/wp\/v2\/pages"}],"about":[{"href":"https:\/\/amaiapsicoterapia.com\/index.php?rest_route=\/wp\/v2\/types\/page"}],"author":[{"embeddable":true,"href":"https:\/\/amaiapsicoterapia.com\/index.php?rest_route=\/wp\/v2\/users\/1"}],"replies":[{"embeddable":true,"href":"https:\/\/amaiapsicoterapia.com\/index.php?rest_route=%2Fwp%2Fv2%2Fcomments&post=127"}],"version-history":[{"count":4,"href":"https:\/\/amaiapsicoterapia.com\/index.php?rest_route=\/wp\/v2\/pages\/127\/revisions"}],"predecessor-version":[{"id":131,"href":"https:\/\/amaiapsicoterapia.com\/index.php?rest_route=\/wp\/v2\/pages\/127\/revisions\/131"}],"wp:attachment":[{"href":"https:\/\/amaiapsicoterapia.com\/index.php?rest_route=%2Fwp%2Fv2%2Fmedia&parent=127"}],"curies":[{"name":"wp","href":"https:\/\/api.w.org\/{rel}","templated":true}]}}